{"id":97619,"date":"2025-04-11T13:52:54","date_gmt":"2025-04-11T12:52:54","guid":{"rendered":"https:\/\/barnes-portugal.com\/international-schools-porto\/"},"modified":"2025-04-11T15:50:15","modified_gmt":"2025-04-11T14:50:15","slug":"ecoles-internationales-porto","status":"publish","type":"page","link":"https:\/\/barnes.zyrgon.dev\/fr\/ecoles-internationales-porto\/","title":{"rendered":"\u00c9coles internationales &#8211; Porto"},"content":{"rendered":"<div class=\"text-wrapper\"><p class=\"p1\"><strong>\u00c9cole britannique de Porto\u00a0<\/strong> \u2013 Enseignement britannique | 3-18 ans | 500 \u00e9tudiants<\/p>\n<p class=\"p1\">Programme d&rsquo;\u00e9tudes britannique (IGCSE et A-Levels) ou Programme du dipl\u00f4me du baccalaur\u00e9at international (IBDP) au cours des deux derni\u00e8res ann\u00e9es.<\/p>\n<p class=\"p1\">Adresse: Rua da Cerca, 326, 4150-201 Porto<\/p>\n<p class=\"p1\">Website: <a href=\"http:\/\/www.obs.edu.pt\/\"><span class=\"s1\">www.obs.edu.pt\/<\/span><\/a> | Email: <a href=\"mailto:admissions@obs.edu.pt\"><span class=\"s1\">admissions@obs.edu.pt<\/span><\/a><\/p>\n<p>&nbsp;<\/p>\n<p class=\"p1\"><strong>CLIP &#8211; L&rsquo;\u00e9cole internationale de Porto<\/strong> \u2013 \u00c9ducation britannique | 3-18 ans | 1000 \u00e9tudiants<\/p>\n<p class=\"p1\">Programme d&rsquo;\u00e9tudes de Cambridge (IGCSE et A-Levels) avec une approche internationale et un accent mis sur le d\u00e9veloppement global des \u00e9tudiants.<\/p>\n<p class=\"p1\">Adresse: Rua de Vila Nova, 1071, 4100-506 Porto<\/p>\n<p class=\"p1\">Website: <a href=\"http:\/\/www.clip.pt\/\"><span class=\"s1\">www.clip.pt\/<\/span><\/a> | Email: <a href=\"mailto:info@clip.pt\"><span class=\"s1\">info@clip.pt<\/span><\/a><\/p>\n<p>&nbsp;<\/p>\n<p class=\"p1\"><strong>Lyc\u00e9e Fran\u00e7ais International de Porto<\/strong> \u2013 Enseignement du fran\u00e7ais | 3-18 ans | 900 \u00e9l\u00e8ves<\/p>\n<p class=\"p1\">Programme du syst\u00e8me \u00e9ducatif fran\u00e7ais, aboutissant au baccalaur\u00e9at fran\u00e7ais avec la possibilit\u00e9 d&rsquo;un enseignement multilingue.<\/p>\n<p class=\"p1\">Adresse: Rua Gil Eanes, 20, 4150-348 Porto<\/p>\n<p class=\"p1\">Website: <a href=\"https:\/\/www.lfip.pt\/fr\"><span class=\"s1\">www.lfip.pt\/fr<\/span><\/a> | Email: <a href=\"mailto:secretariat@lfip.pt\"><span class=\"s1\">secretariat@lfip.pt<\/span><\/a><\/p>\n<p>&nbsp;<\/p>\n<p class=\"p1\"><strong>\u00c9cole allemande de Porto (Deutsche Schule zu Porto)<\/strong> \u2013 Enseignement allemand | 3-18 ans | 700 \u00e9l\u00e8ves<\/p>\n<p class=\"p1\">Programme d&rsquo;\u00e9tudes du syst\u00e8me \u00e9ducatif allemand, sanctionn\u00e9 par l&rsquo;Abitur, qui permet d&rsquo;acc\u00e9der aux universit\u00e9s internationales. Enseignement bilingue allemand-portugais avec renforcement en anglais.<\/p>\n<p class=\"p1\">Adresse: Rua Guerra Junqueiro, 162, 4150-386 Porto<\/p>\n<p class=\"p1\">Website: <a href=\"https:\/\/www.dsporto.de\/\"><span class=\"s1\">www.dsporto.de\/<\/span><\/a> | Email: <a href=\"mailto:info@dsporto.de\"><span class=\"s1\">info@dsporto.de<\/span><\/a><\/p>\n<p>&nbsp;<\/p>\n<\/div>","protected":false},"excerpt":{"rendered":"<p class=\"post-excerpt\">\u00c9cole britannique de Porto\u00a0 \u2013 Enseignement britannique | 3-18 ans | 500 \u00e9tudiants Programme d&rsquo;\u00e9tudes britannique (IGCSE et A-Levels) ou Programme du dipl\u00f4me du baccalaur\u00e9at&#8230;\n<\/p>","protected":false},"author":1,"featured_media":62707,"parent":0,"menu_order":0,"comment_status":"closed","ping_status":"closed","template":"","meta":{"_acf_changed":false,"footnotes":""},"class_list":["page","has-post-thumbnail"],"acf":[],"yoast_head":"<!-- This site is optimized with the Yoast SEO plugin v24.6 - https:\/\/yoast.com\/wordpress\/plugins\/seo\/ -->\n<title>Escolas Internacionais em Lisboa | BARNES Realty | Portugal<\/title>\n<meta name=\"description\" content=\"Lisboa, como tamb\u00e9m outras regi\u00f5es do pa\u00eds, disp\u00f5em de m\u00faltiplas escolas internacionais de modo acolher estudantes de diversos pa\u00edses.\" \/>\n<meta name=\"robots\" content=\"index, follow, max-snippet:-1, max-image-preview:large, max-video-preview:-1\" \/>\n<link rel=\"canonical\" href=\"https:\/\/barnes.zyrgon.dev\/fr\/ecoles-internationales-porto\/\" \/>\n<meta property=\"og:locale\" content=\"fr_FR\" \/>\n<meta property=\"og:type\" content=\"article\" \/>\n<meta property=\"og:title\" content=\"Escolas Internacionais em Lisboa | BARNES Realty | Portugal\" \/>\n<meta property=\"og:description\" content=\"Lisboa, como tamb\u00e9m outras regi\u00f5es do pa\u00eds, disp\u00f5em de m\u00faltiplas escolas internacionais de modo acolher estudantes de diversos pa\u00edses.\" \/>\n<meta property=\"og:url\" content=\"https:\/\/barnes.zyrgon.dev\/fr\/ecoles-internationales-porto\/\" \/>\n<meta property=\"og:site_name\" content=\"BARNES Realty | Portugal\" \/>\n<meta property=\"article:publisher\" content=\"https:\/\/www.facebook.com\/barnesportugal\" \/>\n<meta property=\"article:modified_time\" content=\"2025-04-11T14:50:15+00:00\" \/>\n<meta property=\"og:image\" content=\"https:\/\/barnes.zyrgon.dev\/wp-content\/uploads\/banner-escolas-internacionais-lisboa-min.jpg\" \/>\n\t<meta property=\"og:image:width\" content=\"1370\" \/>\n\t<meta property=\"og:image:height\" content=\"500\" \/>\n\t<meta property=\"og:image:type\" content=\"image\/jpeg\" \/>\n<meta name=\"twitter:card\" content=\"summary_large_image\" \/>\n<meta name=\"twitter:label1\" content=\"Dur\u00e9e de lecture estim\u00e9e\" \/>\n\t<meta name=\"twitter:data1\" content=\"1 minute\" \/>\n<script type=\"application\/ld+json\" class=\"yoast-schema-graph\">{\"@context\":\"https:\/\/schema.org\",\"@graph\":[{\"@type\":\"WebPage\",\"@id\":\"https:\/\/barnes.zyrgon.dev\/fr\/ecoles-internationales-porto\/\",\"url\":\"https:\/\/barnes.zyrgon.dev\/fr\/ecoles-internationales-porto\/\",\"name\":\"Escolas Internacionais em Lisboa | BARNES Realty | Portugal\",\"isPartOf\":{\"@id\":\"https:\/\/barnes.zyrgon.dev\/fr\/#website\"},\"primaryImageOfPage\":{\"@id\":\"https:\/\/barnes.zyrgon.dev\/fr\/ecoles-internationales-porto\/#primaryimage\"},\"image\":{\"@id\":\"https:\/\/barnes.zyrgon.dev\/fr\/ecoles-internationales-porto\/#primaryimage\"},\"thumbnailUrl\":\"https:\/\/barnes.zyrgon.dev\/wp-content\/uploads\/banner-escolas-internacionais-lisboa-min.jpg\",\"datePublished\":\"2025-04-11T12:52:54+00:00\",\"dateModified\":\"2025-04-11T14:50:15+00:00\",\"description\":\"Lisboa, como tamb\u00e9m outras regi\u00f5es do pa\u00eds, disp\u00f5em de m\u00faltiplas escolas internacionais de modo acolher estudantes de diversos pa\u00edses.\",\"breadcrumb\":{\"@id\":\"https:\/\/barnes.zyrgon.dev\/fr\/ecoles-internationales-porto\/#breadcrumb\"},\"inLanguage\":\"fr-FR\",\"potentialAction\":[{\"@type\":\"ReadAction\",\"target\":[\"https:\/\/barnes.zyrgon.dev\/fr\/ecoles-internationales-porto\/\"]}]},{\"@type\":\"ImageObject\",\"inLanguage\":\"fr-FR\",\"@id\":\"https:\/\/barnes.zyrgon.dev\/fr\/ecoles-internationales-porto\/#primaryimage\",\"url\":\"https:\/\/barnes.zyrgon.dev\/wp-content\/uploads\/banner-escolas-internacionais-lisboa-min.jpg\",\"contentUrl\":\"https:\/\/barnes.zyrgon.dev\/wp-content\/uploads\/banner-escolas-internacionais-lisboa-min.jpg\",\"width\":1370,\"height\":500,\"caption\":\"\u00c9coles Internationales\"},{\"@type\":\"BreadcrumbList\",\"@id\":\"https:\/\/barnes.zyrgon.dev\/fr\/ecoles-internationales-porto\/#breadcrumb\",\"itemListElement\":[{\"@type\":\"ListItem\",\"position\":1,\"name\":\"In\u00edcio\",\"item\":\"https:\/\/barnes.zyrgon.dev\/fr\/\"},{\"@type\":\"ListItem\",\"position\":2,\"name\":\"\u00c9coles internationales &#8211; Porto\"}]},{\"@type\":\"WebSite\",\"@id\":\"https:\/\/barnes.zyrgon.dev\/fr\/#website\",\"url\":\"https:\/\/barnes.zyrgon.dev\/fr\/\",\"name\":\"BARNES Realty | Portugal\",\"description\":\"International Luxury Real Estate\",\"publisher\":{\"@id\":\"https:\/\/barnes.zyrgon.dev\/fr\/#organization\"},\"potentialAction\":[{\"@type\":\"SearchAction\",\"target\":{\"@type\":\"EntryPoint\",\"urlTemplate\":\"https:\/\/barnes.zyrgon.dev\/fr\/?s={search_term_string}\"},\"query-input\":{\"@type\":\"PropertyValueSpecification\",\"valueRequired\":true,\"valueName\":\"search_term_string\"}}],\"inLanguage\":\"fr-FR\"},{\"@type\":\"Organization\",\"@id\":\"https:\/\/barnes.zyrgon.dev\/fr\/#organization\",\"name\":\"BARNES Realty | Portugal\",\"url\":\"https:\/\/barnes.zyrgon.dev\/fr\/\",\"logo\":{\"@type\":\"ImageObject\",\"inLanguage\":\"fr-FR\",\"@id\":\"https:\/\/barnes.zyrgon.dev\/fr\/#\/schema\/logo\/image\/\",\"url\":\"https:\/\/barnes-portugal.com\/wp-content\/uploads\/barnes-logo-inverse.png\",\"contentUrl\":\"https:\/\/barnes-portugal.com\/wp-content\/uploads\/barnes-logo-inverse.png\",\"width\":145,\"height\":39,\"caption\":\"BARNES Realty | Portugal\"},\"image\":{\"@id\":\"https:\/\/barnes.zyrgon.dev\/fr\/#\/schema\/logo\/image\/\"},\"sameAs\":[\"https:\/\/www.facebook.com\/barnesportugal\",\"https:\/\/www.instagram.com\/barnes_portugal\/\",\"https:\/\/www.linkedin.com\/company\/729926\/\"]}]}<\/script>\n<!-- \/ Yoast SEO plugin. -->","yoast_head_json":{"title":"Escolas Internacionais em Lisboa | BARNES Realty | Portugal","description":"Lisboa, como tamb\u00e9m outras regi\u00f5es do pa\u00eds, disp\u00f5em de m\u00faltiplas escolas internacionais de modo acolher estudantes de diversos pa\u00edses.","robots":{"index":"index","follow":"follow","max-snippet":"max-snippet:-1","max-image-preview":"max-image-preview:large","max-video-preview":"max-video-preview:-1"},"canonical":"https:\/\/barnes.zyrgon.dev\/fr\/ecoles-internationales-porto\/","og_locale":"fr_FR","og_type":"article","og_title":"Escolas Internacionais em Lisboa | BARNES Realty | Portugal","og_description":"Lisboa, como tamb\u00e9m outras regi\u00f5es do pa\u00eds, disp\u00f5em de m\u00faltiplas escolas internacionais de modo acolher estudantes de diversos pa\u00edses.","og_url":"https:\/\/barnes.zyrgon.dev\/fr\/ecoles-internationales-porto\/","og_site_name":"BARNES Realty | Portugal","article_publisher":"https:\/\/www.facebook.com\/barnesportugal","article_modified_time":"2025-04-11T14:50:15+00:00","og_image":[{"width":1370,"height":500,"url":"https:\/\/barnes.zyrgon.dev\/wp-content\/uploads\/banner-escolas-internacionais-lisboa-min.jpg","type":"image\/jpeg"}],"twitter_card":"summary_large_image","twitter_misc":{"Dur\u00e9e de lecture estim\u00e9e":"1 minute"},"schema":{"@context":"https:\/\/schema.org","@graph":[{"@type":"WebPage","@id":"https:\/\/barnes.zyrgon.dev\/fr\/ecoles-internationales-porto\/","url":"https:\/\/barnes.zyrgon.dev\/fr\/ecoles-internationales-porto\/","name":"Escolas Internacionais em Lisboa | BARNES Realty | Portugal","isPartOf":{"@id":"https:\/\/barnes.zyrgon.dev\/fr\/#website"},"primaryImageOfPage":{"@id":"https:\/\/barnes.zyrgon.dev\/fr\/ecoles-internationales-porto\/#primaryimage"},"image":{"@id":"https:\/\/barnes.zyrgon.dev\/fr\/ecoles-internationales-porto\/#primaryimage"},"thumbnailUrl":"https:\/\/barnes.zyrgon.dev\/wp-content\/uploads\/banner-escolas-internacionais-lisboa-min.jpg","datePublished":"2025-04-11T12:52:54+00:00","dateModified":"2025-04-11T14:50:15+00:00","description":"Lisboa, como tamb\u00e9m outras regi\u00f5es do pa\u00eds, disp\u00f5em de m\u00faltiplas escolas internacionais de modo acolher estudantes de diversos pa\u00edses.","breadcrumb":{"@id":"https:\/\/barnes.zyrgon.dev\/fr\/ecoles-internationales-porto\/#breadcrumb"},"inLanguage":"fr-FR","potentialAction":[{"@type":"ReadAction","target":["https:\/\/barnes.zyrgon.dev\/fr\/ecoles-internationales-porto\/"]}]},{"@type":"ImageObject","inLanguage":"fr-FR","@id":"https:\/\/barnes.zyrgon.dev\/fr\/ecoles-internationales-porto\/#primaryimage","url":"https:\/\/barnes.zyrgon.dev\/wp-content\/uploads\/banner-escolas-internacionais-lisboa-min.jpg","contentUrl":"https:\/\/barnes.zyrgon.dev\/wp-content\/uploads\/banner-escolas-internacionais-lisboa-min.jpg","width":1370,"height":500,"caption":"\u00c9coles Internationales"},{"@type":"BreadcrumbList","@id":"https:\/\/barnes.zyrgon.dev\/fr\/ecoles-internationales-porto\/#breadcrumb","itemListElement":[{"@type":"ListItem","position":1,"name":"In\u00edcio","item":"https:\/\/barnes.zyrgon.dev\/fr\/"},{"@type":"ListItem","position":2,"name":"\u00c9coles internationales &#8211; Porto"}]},{"@type":"WebSite","@id":"https:\/\/barnes.zyrgon.dev\/fr\/#website","url":"https:\/\/barnes.zyrgon.dev\/fr\/","name":"BARNES Realty | Portugal","description":"International Luxury Real Estate","publisher":{"@id":"https:\/\/barnes.zyrgon.dev\/fr\/#organization"},"potentialAction":[{"@type":"SearchAction","target":{"@type":"EntryPoint","urlTemplate":"https:\/\/barnes.zyrgon.dev\/fr\/?s={search_term_string}"},"query-input":{"@type":"PropertyValueSpecification","valueRequired":true,"valueName":"search_term_string"}}],"inLanguage":"fr-FR"},{"@type":"Organization","@id":"https:\/\/barnes.zyrgon.dev\/fr\/#organization","name":"BARNES Realty | Portugal","url":"https:\/\/barnes.zyrgon.dev\/fr\/","logo":{"@type":"ImageObject","inLanguage":"fr-FR","@id":"https:\/\/barnes.zyrgon.dev\/fr\/#\/schema\/logo\/image\/","url":"https:\/\/barnes-portugal.com\/wp-content\/uploads\/barnes-logo-inverse.png","contentUrl":"https:\/\/barnes-portugal.com\/wp-content\/uploads\/barnes-logo-inverse.png","width":145,"height":39,"caption":"BARNES Realty | Portugal"},"image":{"@id":"https:\/\/barnes.zyrgon.dev\/fr\/#\/schema\/logo\/image\/"},"sameAs":["https:\/\/www.facebook.com\/barnesportugal","https:\/\/www.instagram.com\/barnes_portugal\/","https:\/\/www.linkedin.com\/company\/729926\/"]}]}},"_links":{"self":[{"href":"https:\/\/barnes.zyrgon.dev\/fr\/wp-json\/wp\/v2\/pages\/97619"}],"collection":[{"href":"https:\/\/barnes.zyrgon.dev\/fr\/wp-json\/wp\/v2\/pages"}],"about":[{"href":"https:\/\/barnes.zyrgon.dev\/fr\/wp-json\/wp\/v2\/types\/page"}],"author":[{"embeddable":true,"href":"https:\/\/barnes.zyrgon.dev\/fr\/wp-json\/wp\/v2\/users\/1"}],"replies":[{"embeddable":true,"href":"https:\/\/barnes.zyrgon.dev\/fr\/wp-json\/wp\/v2\/comments?post=97619"}],"version-history":[{"count":5,"href":"https:\/\/barnes.zyrgon.dev\/fr\/wp-json\/wp\/v2\/pages\/97619\/revisions"}],"predecessor-version":[{"id":97626,"href":"https:\/\/barnes.zyrgon.dev\/fr\/wp-json\/wp\/v2\/pages\/97619\/revisions\/97626"}],"wp:featuredmedia":[{"embeddable":true,"href":"https:\/\/barnes.zyrgon.dev\/fr\/wp-json\/wp\/v2\/media\/62707"}],"wp:attachment":[{"href":"https:\/\/barnes.zyrgon.dev\/fr\/wp-json\/wp\/v2\/media?parent=97619"}],"curies":[{"name":"wp","href":"https:\/\/api.w.org\/{rel}","templated":true}]}}